{"id":1557,"date":"2023-06-07T17:53:28","date_gmt":"2023-06-07T20:53:28","guid":{"rendered":"https:\/\/freedomstart.com.br\/?page_id=1557"},"modified":"2024-10-02T14:17:23","modified_gmt":"2024-10-02T17:17:23","slug":"masterdisc","status":"publish","type":"page","link":"https:\/\/freedomstart.com.br\/newFreedom\/masterdisc\/","title":{"rendered":"masterdisc"},"content":{"rendered":"\t\t<div data-elementor-type=\"wp-page\" data-elementor-id=\"1557\" class=\"elementor elementor-1557\" data-elementor-post-type=\"page\">\n\t\t\t\t\t\t<section data-particle_enable=\"false\" data-particle-mobile-disabled=\"false\" class=\"elementor-section elementor-top-section elementor-element elementor-element-319abb5 elementor-section-content-middle elementor-section-boxed elementor-section-height-default elementor-section-height-default\" data-id=\"319abb5\" data-element_type=\"section\" data-e-type=\"section\">\n\t\t\t\t\t\t<div class=\"elementor-container elementor-column-gap-default\">\n\t\t\t\t\t<div class=\"elementor-column elementor-col-100 elementor-top-column elementor-element elementor-element-aa53d68\" data-id=\"aa53d68\" data-element_type=\"column\" data-e-type=\"column\">\n\t\t\t<div class=\"elementor-widget-wrap elementor-element-populated\">\n\t\t\t\t\t\t<div class=\"elementor-element elementor-element-be72b06 elementor-widget__width-initial elementor-widget elementor-widget-image\" data-id=\"be72b06\" data-element_type=\"widget\" data-e-type=\"widget\" data-widget_type=\"image.default\">\n\t\t\t\t<div class=\"elementor-widget-container\">\n\t\t\t\t\t\t\t\t\t\t\t\t\t\t\t<img fetchpriority=\"high\" decoding=\"async\" width=\"3840\" height=\"2160\" src=\"https:\/\/freedomstart.com.br\/wp-content\/uploads\/2023\/11\/START-1.png\" class=\"attachment-full size-full wp-image-1650\" alt=\"\" srcset=\"https:\/\/freedomstart.com.br\/wp-content\/uploads\/2023\/11\/START-1.png 3840w, https:\/\/freedomstart.com.br\/wp-content\/uploads\/2023\/11\/START-1-300x169.png 300w, https:\/\/freedomstart.com.br\/wp-content\/uploads\/2023\/11\/START-1-1024x576.png 1024w, https:\/\/freedomstart.com.br\/wp-content\/uploads\/2023\/11\/START-1-768x432.png 768w, https:\/\/freedomstart.com.br\/wp-content\/uploads\/2023\/11\/START-1-1536x864.png 1536w, https:\/\/freedomstart.com.br\/wp-content\/uploads\/2023\/11\/START-1-2048x1152.png 2048w, https:\/\/freedomstart.com.br\/wp-content\/uploads\/2023\/11\/START-1-150x85.png 150w, https:\/\/freedomstart.com.br\/wp-content\/uploads\/2023\/11\/START-1-1920x1080.png 1920w, https:\/\/freedomstart.com.br\/wp-content\/uploads\/2023\/11\/START-1-600x338.png 600w\" sizes=\"(max-width: 3840px) 100vw, 3840px\" \/>\t\t\t\t\t\t\t\t\t\t\t\t\t\t\t<\/div>\n\t\t\t\t<\/div>\n\t\t\t\t\t<\/div>\n\t\t<\/div>\n\t\t\t\t\t<\/div>\n\t\t<\/section>\n\t\t\t\t<section data-particle_enable=\"false\" data-particle-mobile-disabled=\"false\" class=\"elementor-section elementor-top-section elementor-element elementor-element-4de2d3b elementor-section-boxed elementor-section-height-default elementor-section-height-default\" data-id=\"4de2d3b\" data-element_type=\"section\" data-e-type=\"section\">\n\t\t\t\t\t\t<div class=\"elementor-container elementor-column-gap-default\">\n\t\t\t\t\t<div class=\"elementor-column elementor-col-100 elementor-top-column elementor-element elementor-element-58379bc\" data-id=\"58379bc\" data-element_type=\"column\" data-e-type=\"column\">\n\t\t\t<div class=\"elementor-widget-wrap elementor-element-populated\">\n\t\t\t\t\t\t<div class=\"elementor-element elementor-element-7fdbbc1 elementor-widget elementor-widget-text-editor\" data-id=\"7fdbbc1\" data-element_type=\"widget\" data-e-type=\"widget\" data-widget_type=\"text-editor.default\">\n\t\t\t\t<div class=\"elementor-widget-container\">\n\t\t\t\t\t\t\t\t\t<p style=\"text-align: center;\">Clique no bot\u00e3o abaixo para entrar no nosso Grupo de Whatsapp Exclusivo para essa turma, onde iremos disponibilizar materiais de apoio e informa\u00e7\u00f5es complementares:<\/p>\t\t\t\t\t\t\t\t<\/div>\n\t\t\t\t<\/div>\n\t\t\t\t<div class=\"elementor-element elementor-element-9edeb02 elementor-align-center elementor-widget elementor-widget-button\" data-id=\"9edeb02\" data-element_type=\"widget\" data-e-type=\"widget\" data-widget_type=\"button.default\">\n\t\t\t\t<div class=\"elementor-widget-container\">\n\t\t\t\t\t\t\t\t\t<div class=\"elementor-button-wrapper\">\n\t\t\t\t\t<a class=\"elementor-button elementor-button-link elementor-size-sm\" href=\"https:\/\/chat.whatsapp.com\/JazzPiUUZduBBP949JBCx2\">\n\t\t\t\t\t\t<span class=\"elementor-button-content-wrapper\">\n\t\t\t\t\t\t\t\t\t<span class=\"elementor-button-text\">Grupo Whatsapp<\/span>\n\t\t\t\t\t<\/span>\n\t\t\t\t\t<\/a>\n\t\t\t\t<\/div>\n\t\t\t\t\t\t\t\t<\/div>\n\t\t\t\t<\/div>\n\t\t\t\t<div class=\"elementor-element elementor-element-1fe63e6 elementor-widget-divider--view-line elementor-widget elementor-widget-divider\" data-id=\"1fe63e6\" data-element_type=\"widget\" data-e-type=\"widget\" data-widget_type=\"divider.default\">\n\t\t\t\t<div class=\"elementor-widget-container\">\n\t\t\t\t\t\t\t<div class=\"elementor-divider\">\n\t\t\t<span class=\"elementor-divider-separator\">\n\t\t\t\t\t\t<\/span>\n\t\t<\/div>\n\t\t\t\t\t\t<\/div>\n\t\t\t\t<\/div>\n\t\t\t\t<div class=\"elementor-element elementor-element-d228049 elementor-widget elementor-widget-text-editor\" data-id=\"d228049\" data-element_type=\"widget\" data-e-type=\"widget\" data-widget_type=\"text-editor.default\">\n\t\t\t\t<div class=\"elementor-widget-container\">\n\t\t\t\t\t\t\t\t\t<p style=\"text-align: center;\">Para ter acesso a Plataforma Freedom Start com <b>2 Cr\u00e9ditos<\/b> de Presente para voc\u00ea testar a plataforma, fa\u00e7a o seu cadastro empresarial pelo bot\u00e3o abaixo:<\/p>\t\t\t\t\t\t\t\t<\/div>\n\t\t\t\t<\/div>\n\t\t\t\t<div class=\"elementor-element elementor-element-83f74f1 elementor-align-center elementor-widget elementor-widget-button\" data-id=\"83f74f1\" data-element_type=\"widget\" data-e-type=\"widget\" data-widget_type=\"button.default\">\n\t\t\t\t<div class=\"elementor-widget-container\">\n\t\t\t\t\t\t\t\t\t<div class=\"elementor-button-wrapper\">\n\t\t\t\t\t<a class=\"elementor-button elementor-button-link elementor-size-sm\" href=\"https:\/\/app.freedomstart.com.br\/addEmpresas.php?token=beadc0052050bf577d649ea206bb1cd4&#038;idVinculo=1\">\n\t\t\t\t\t\t<span class=\"elementor-button-content-wrapper\">\n\t\t\t\t\t\t\t\t\t<span class=\"elementor-button-text\">Cadastro Empresarial<\/span>\n\t\t\t\t\t<\/span>\n\t\t\t\t\t<\/a>\n\t\t\t\t<\/div>\n\t\t\t\t\t\t\t\t<\/div>\n\t\t\t\t<\/div>\n\t\t\t\t\t<\/div>\n\t\t<\/div>\n\t\t\t\t\t<\/div>\n\t\t<\/section>\n\t\t\t\t<\/div>\n\t\t","protected":false},"excerpt":{"rendered":"<p>Clique no bot\u00e3o abaixo para entrar no nosso Grupo de Whatsapp Exclusivo para essa turma, onde iremos disponibilizar materiais de apoio e informa\u00e7\u00f5es complementares: Grupo Whatsapp Para ter acesso a Plataforma Freedom Start com 2 Cr\u00e9ditos de Presente para voc\u00ea testar a plataforma, fa\u00e7a o seu cadastro empresarial pelo bot\u00e3o abaixo: Cadastro Empresarial<\/p>\n","protected":false},"author":1,"featured_media":0,"parent":0,"menu_order":0,"comment_status":"closed","ping_status":"closed","template":"elementor_canvas","meta":{"footnotes":""},"class_list":["post-1557","page","type-page","status-publish","hentry"],"aioseo_notices":[],"_links":{"self":[{"href":"https:\/\/freedomstart.com.br\/newFreedom\/wp-json\/wp\/v2\/pages\/1557","targetHints":{"allow":["GET"]}}],"collection":[{"href":"https:\/\/freedomstart.com.br\/newFreedom\/wp-json\/wp\/v2\/pages"}],"about":[{"href":"https:\/\/freedomstart.com.br\/newFreedom\/wp-json\/wp\/v2\/types\/page"}],"author":[{"embeddable":true,"href":"https:\/\/freedomstart.com.br\/newFreedom\/wp-json\/wp\/v2\/users\/1"}],"replies":[{"embeddable":true,"href":"https:\/\/freedomstart.com.br\/newFreedom\/wp-json\/wp\/v2\/comments?post=1557"}],"version-history":[{"count":140,"href":"https:\/\/freedomstart.com.br\/newFreedom\/wp-json\/wp\/v2\/pages\/1557\/revisions"}],"predecessor-version":[{"id":2372,"href":"https:\/\/freedomstart.com.br\/newFreedom\/wp-json\/wp\/v2\/pages\/1557\/revisions\/2372"}],"wp:attachment":[{"href":"https:\/\/freedomstart.com.br\/newFreedom\/wp-json\/wp\/v2\/media?parent=1557"}],"curies":[{"name":"wp","href":"https:\/\/api.w.org\/{rel}","templated":true}]}}