{"id":2829,"date":"2025-05-23T15:35:21","date_gmt":"2025-05-23T18:35:21","guid":{"rendered":"https:\/\/freedomstart.com.br\/?page_id=2829"},"modified":"2026-04-15T19:13:46","modified_gmt":"2026-04-15T22:13:46","slug":"links","status":"publish","type":"page","link":"https:\/\/freedomstart.com.br\/newFreedom\/links\/","title":{"rendered":"Links"},"content":{"rendered":"\t\t<div data-elementor-type=\"wp-page\" data-elementor-id=\"2829\" class=\"elementor elementor-2829\" data-elementor-post-type=\"page\">\n\t\t\t\t<header data-particle_enable=\"false\" data-particle-mobile-disabled=\"false\" class=\"elementor-element elementor-element-c58d14b e-con-full e-flex e-con e-parent\" data-id=\"c58d14b\" data-element_type=\"container\" data-e-type=\"container\" data-settings=\"{&quot;background_background&quot;:&quot;gradient&quot;}\">\n\t\t\t\t<div class=\"elementor-element elementor-element-4f4d091 elementor-widget elementor-widget-html\" data-id=\"4f4d091\" data-element_type=\"widget\" data-e-type=\"widget\" data-widget_type=\"html.default\">\n\t\t\t\t<div class=\"elementor-widget-container\">\n\t\t\t\t\t<!DOCTYPE html>\r\n<html lang=\"pt-BR\">\r\n\r\n<head>\r\n    <meta charset=\"UTF-8\">\r\n    <meta name=\"viewport\" content=\"width=device-width, initial-scale=1.0\">\r\n    <title>Freedom Start \u2014 Links<\/title>\r\n    <link rel=\"preconnect\" href=\"https:\/\/fonts.googleapis.com\">\r\n    <link href=\"https:\/\/fonts.googleapis.com\/css2?family=Poppins:wght@400;500;600;700;800;900&display=swap\" rel=\"stylesheet\">\r\n    <script src=\"https:\/\/unpkg.com\/lucide@latest\/dist\/umd\/lucide.min.js\"><\/script>\r\n    <style>\r\n        *,\r\n        *::before,\r\n        *::after {\r\n            box-sizing: border-box;\r\n            margin: 0;\r\n            padding: 0;\r\n        }\r\n\r\n        :root {\r\n            --purple: #460897;\r\n            --purple-light: #6d28d9;\r\n            --orange: #f97316;\r\n            --green: #22c55e;\r\n            --bg: #0a0a0f;\r\n            --card: #13131a;\r\n            --border: rgba(255, 255, 255, 0.07);\r\n        }\r\n\r\n        body {\r\n            font-family: 'Poppins', sans-serif;\r\n            background: var(--bg);\r\n            min-height: 100vh;\r\n            color: #fff;\r\n            padding: 0 0 60px;\r\n        }\r\n\r\n        \/* \u2500\u2500 HERO \u2500\u2500 *\/\r\n        .hero {\r\n            text-align: center;\r\n            padding: 48px 24px 32px;\r\n            position: relative;\r\n        }\r\n\r\n        .hero::before {\r\n            content: '';\r\n            position: absolute;\r\n            top: 0;\r\n            left: 50%;\r\n            transform: translateX(-50%);\r\n            width: 600px;\r\n            height: 300px;\r\n            background: radial-gradient(ellipse at top, rgba(70, 8, 151, 0.35) 0%, transparent 70%);\r\n            pointer-events: none;\r\n        }\r\n\r\n        .hero-avatar {\r\n            width: 80px;\r\n            height: 80px;\r\n            border-radius: 50%;\r\n            background: linear-gradient(135deg, var(--purple), var(--purple-light));\r\n            display: flex;\r\n            align-items: center;\r\n            justify-content: center;\r\n            margin: 0 auto 16px;\r\n            font-size: 36px;\r\n            box-shadow: 0 0 0 3px rgba(109, 40, 217, 0.4), 0 0 0 6px rgba(109, 40, 217, 0.1);\r\n            position: relative;\r\n            z-index: 1;\r\n            overflow: hidden;\r\n        }\r\n\r\n        .hero-avatar img {\r\n            width: 100%;\r\n            height: 100%;\r\n            object-fit: cover;\r\n            border-radius: 50%;\r\n        }\r\n\r\n        .hero-name {\r\n            font-size: 22px;\r\n            font-weight: 800;\r\n            letter-spacing: -0.02em;\r\n            position: relative;\r\n            z-index: 1;\r\n            margin-bottom: 4px;\r\n        }\r\n\r\n        .hero-name span {\r\n            color: #b388ff;\r\n        }\r\n\r\n        .hero-bio {\r\n            font-size: 13px;\r\n            color: #666;\r\n            line-height: 1.6;\r\n            max-width: 300px;\r\n            margin: 0 auto 20px;\r\n            position: relative;\r\n            z-index: 1;\r\n        }\r\n\r\n        .hero-badges {\r\n            display: flex;\r\n            flex-wrap: wrap;\r\n            gap: 8px;\r\n            justify-content: center;\r\n            position: relative;\r\n            z-index: 1;\r\n        }\r\n\r\n        .hero-badge {\r\n            display: inline-flex;\r\n            align-items: center;\r\n            gap: 5px;\r\n            background: rgba(255, 255, 255, 0.05);\r\n            border: 1px solid rgba(255, 255, 255, 0.1);\r\n            border-radius: 20px;\r\n            padding: 4px 12px;\r\n            font-size: 11px;\r\n            color: #888;\r\n            font-weight: 500;\r\n        }\r\n\r\n        \/* \u2500\u2500 WRAPPER \u2500\u2500 *\/\r\n        .wrapper {\r\n            max-width: 480px;\r\n            margin: 0 auto;\r\n            padding: 0 16px;\r\n        }\r\n\r\n        \/* \u2500\u2500 SECTION LABEL \u2500\u2500 *\/\r\n        .section-label {\r\n            font-size: 10px;\r\n            font-weight: 700;\r\n            letter-spacing: 2px;\r\n            text-transform: uppercase;\r\n            color: #333;\r\n            text-align: center;\r\n            margin: 28px 0 14px;\r\n        }\r\n\r\n        \/* \u2500\u2500 PRODUCT CARDS \u2500\u2500 *\/\r\n        .card {\r\n            border-radius: 20px;\r\n            overflow: hidden;\r\n            margin-bottom: 14px;\r\n            text-decoration: none;\r\n            display: block;\r\n            position: relative;\r\n            transition: transform 0.2s ease, box-shadow 0.2s ease;\r\n        }\r\n\r\n        .card:hover {\r\n            transform: translateY(-3px);\r\n        }\r\n\r\n        \/* Card Assinatura *\/\r\n        .card-assinatura {\r\n            background: linear-gradient(135deg, #1a0535 0%, #2d0a5e 50%, #1a0535 100%);\r\n            border: 1px solid rgba(109, 40, 217, 0.4);\r\n            box-shadow: 0 8px 32px rgba(70, 8, 151, 0.3);\r\n        }\r\n\r\n        .card-assinatura:hover {\r\n            box-shadow: 0 16px 48px rgba(70, 8, 151, 0.5);\r\n        }\r\n\r\n        \/* Card DISC *\/\r\n        .card-disc {\r\n            background: linear-gradient(135deg, #1a0520 0%, #3b0764 50%, #1a0520 100%);\r\n            border: 1px solid rgba(168, 85, 247, 0.35);\r\n            box-shadow: 0 8px 32px rgba(168, 85, 247, 0.15);\r\n        }\r\n\r\n        .card-disc:hover {\r\n            box-shadow: 0 16px 48px rgba(168, 85, 247, 0.3);\r\n        }\r\n\r\n        \/* Card Academy *\/\r\n        .card-academy {\r\n            background: linear-gradient(135deg, #051a0a 0%, #0d3318 50%, #051a0a 100%);\r\n            border: 1px solid rgba(34, 197, 94, 0.3);\r\n            box-shadow: 0 8px 32px rgba(34, 197, 94, 0.1);\r\n        }\r\n\r\n        .card-academy:hover {\r\n            box-shadow: 0 16px 48px rgba(34, 197, 94, 0.25);\r\n        }\r\n\r\n        .card-inner {\r\n            padding: 24px 24px 20px;\r\n            position: relative;\r\n            z-index: 1;\r\n        }\r\n\r\n        .card-badge {\r\n            display: inline-flex;\r\n            align-items: center;\r\n            gap: 5px;\r\n            border-radius: 20px;\r\n            padding: 3px 12px;\r\n            font-size: 10px;\r\n            font-weight: 700;\r\n            letter-spacing: 1px;\r\n            text-transform: uppercase;\r\n            margin-bottom: 12px;\r\n        }\r\n\r\n        .badge-orange {\r\n            background: rgba(249, 115, 22, 0.15);\r\n            color: #fb923c;\r\n            border: 1px solid rgba(249, 115, 22, 0.3);\r\n        }\r\n\r\n        .badge-purple {\r\n            background: rgba(168, 85, 247, 0.15);\r\n            color: #c084fc;\r\n            border: 1px solid rgba(168, 85, 247, 0.3);\r\n        }\r\n\r\n        .badge-green {\r\n            background: rgba(34, 197, 94, 0.15);\r\n            color: #4ade80;\r\n            border: 1px solid rgba(34, 197, 94, 0.3);\r\n        }\r\n\r\n        .card-title {\r\n            color: #fff;\r\n            font-size: 20px;\r\n            font-weight: 800;\r\n            line-height: 1.2;\r\n            letter-spacing: -0.02em;\r\n            margin-bottom: 6px;\r\n        }\r\n\r\n        .card-title em {\r\n            font-style: normal;\r\n        }\r\n\r\n        .card-assinatura .card-title em {\r\n            color: #c084fc;\r\n        }\r\n\r\n        .card-disc .card-title em {\r\n            color: #f472b6;\r\n        }\r\n\r\n        .card-academy .card-title em {\r\n            color: #4ade80;\r\n        }\r\n\r\n        .card-desc {\r\n            font-size: 13px;\r\n            color: rgba(255, 255, 255, 0.5);\r\n            line-height: 1.6;\r\n            margin-bottom: 18px;\r\n        }\r\n\r\n        .card-desc strong {\r\n            color: rgba(255, 255, 255, 0.8);\r\n            font-weight: 600;\r\n        }\r\n\r\n        .card-footer {\r\n            display: flex;\r\n            align-items: center;\r\n            justify-content: space-between;\r\n            gap: 12px;\r\n        }\r\n\r\n        .card-price {\r\n            display: flex;\r\n            flex-direction: column;\r\n            gap: 1px;\r\n        }\r\n\r\n        .price-label {\r\n            font-size: 10px;\r\n            color: rgba(255, 255, 255, 0.35);\r\n            font-weight: 500;\r\n            text-transform: uppercase;\r\n            letter-spacing: 0.8px;\r\n        }\r\n\r\n        .price-val {\r\n            font-size: 28px;\r\n            font-weight: 900;\r\n            line-height: 1;\r\n            letter-spacing: -0.03em;\r\n        }\r\n\r\n        .card-assinatura .price-val {\r\n            color: #e9d5ff;\r\n        }\r\n\r\n        .card-disc .price-val {\r\n            color: #f0abfc;\r\n        }\r\n\r\n        .card-academy .price-val {\r\n            color: #86efac;\r\n        }\r\n\r\n        .price-after {\r\n            font-size: 10px;\r\n            color: rgba(255, 255, 255, 0.3);\r\n            margin-top: 3px;\r\n        }\r\n\r\n        .card-cta {\r\n            display: inline-flex;\r\n            align-items: center;\r\n            gap: 6px;\r\n            border-radius: 12px;\r\n            padding: 12px 20px;\r\n            font-size: 13px;\r\n            font-weight: 700;\r\n            letter-spacing: 0.03em;\r\n            white-space: nowrap;\r\n            flex-shrink: 0;\r\n            transition: all 0.15s ease;\r\n        }\r\n\r\n        .cta-purple {\r\n            background: linear-gradient(135deg, #9c5fff, #6c3fc7);\r\n            color: #fff;\r\n            box-shadow: 0 4px 16px rgba(138, 75, 255, 0.4);\r\n        }\r\n\r\n        .cta-pink {\r\n            background: linear-gradient(135deg, #ec4899, #a855f7);\r\n            color: #fff;\r\n            box-shadow: 0 4px 16px rgba(236, 72, 153, 0.35);\r\n        }\r\n\r\n        .cta-green {\r\n            background: linear-gradient(135deg, #22c55e, #16a34a);\r\n            color: #fff;\r\n            box-shadow: 0 4px 16px rgba(34, 197, 94, 0.35);\r\n        }\r\n\r\n        .card-cta svg {\r\n            flex-shrink: 0;\r\n        }\r\n\r\n        \/* Detalhe decorativo *\/\r\n        .card-deco {\r\n            position: absolute;\r\n            top: -40px;\r\n            right: -40px;\r\n            width: 160px;\r\n            height: 160px;\r\n            border-radius: 50%;\r\n            pointer-events: none;\r\n        }\r\n\r\n        .card-assinatura .card-deco {\r\n            background: radial-gradient(circle, rgba(138, 75, 255, 0.2) 0%, transparent 70%);\r\n        }\r\n\r\n        .card-disc .card-deco {\r\n            background: radial-gradient(circle, rgba(236, 72, 153, 0.18) 0%, transparent 70%);\r\n        }\r\n\r\n        .card-academy .card-deco {\r\n            background: radial-gradient(circle, rgba(34, 197, 94, 0.15) 0%, transparent 70%);\r\n        }\r\n\r\n        \/* Stats no card academy *\/\r\n        .card-stat {\r\n            display: flex;\r\n            align-items: center;\r\n            gap: 6px;\r\n            font-size: 12px;\r\n            color: rgba(255, 255, 255, 0.4);\r\n            margin-bottom: 14px;\r\n        }\r\n\r\n        .card-stat strong {\r\n            color: #4ade80;\r\n            font-size: 15px;\r\n            font-weight: 800;\r\n        }\r\n\r\n        \/* \u2500\u2500 QUICK LINKS \u2500\u2500 *\/\r\n        .quick-links {\r\n            display: flex;\r\n            flex-direction: column;\r\n            gap: 10px;\r\n        }\r\n\r\n        .qlink {\r\n            display: flex;\r\n            align-items: center;\r\n            justify-content: space-between;\r\n            background: var(--card);\r\n            border: 1px solid var(--border);\r\n            border-radius: 14px;\r\n            padding: 14px 18px;\r\n            text-decoration: none;\r\n            color: #fff;\r\n            transition: all 0.18s ease;\r\n        }\r\n\r\n        .qlink:hover {\r\n            background: #1c1c28;\r\n            border-color: rgba(255, 255, 255, 0.12);\r\n            transform: translateX(3px);\r\n        }\r\n\r\n        .qlink-left {\r\n            display: flex;\r\n            align-items: center;\r\n            gap: 12px;\r\n        }\r\n\r\n        .qlink-icon {\r\n            width: 38px;\r\n            height: 38px;\r\n            border-radius: 10px;\r\n            display: flex;\r\n            align-items: center;\r\n            justify-content: center;\r\n            font-size: 18px;\r\n            flex-shrink: 0;\r\n        }\r\n\r\n        .qlink-text strong {\r\n            display: block;\r\n            font-size: 13px;\r\n            font-weight: 600;\r\n            margin-bottom: 1px;\r\n        }\r\n\r\n        .qlink-text span {\r\n            font-size: 11px;\r\n            color: #555;\r\n        }\r\n\r\n        .qlink-arrow {\r\n            color: #333;\r\n            flex-shrink: 0;\r\n        }\r\n\r\n        \/* \u2500\u2500 FOOTER \u2500\u2500 *\/\r\n        .page-footer {\r\n            text-align: center;\r\n            margin-top: 40px;\r\n            padding: 0 16px;\r\n        }\r\n\r\n        .page-footer img {\r\n            height: 28px;\r\n            width: auto;\r\n            opacity: 0.4;\r\n            margin-bottom: 10px;\r\n            display: block;\r\n            margin: 0 auto 10px;\r\n        }\r\n\r\n        .page-footer p {\r\n            font-size: 11px;\r\n            color: #2a2a2a;\r\n        }\r\n\r\n        \/* \u2500\u2500 LUCIDE \u2500\u2500 *\/\r\n        [data-lucide] { display: inline-block; vertical-align: middle; flex-shrink: 0; }\r\n        .hero-badge   [data-lucide] { width: 12px; height: 12px; }\r\n        .card-badge   [data-lucide] { width: 11px; height: 11px; }\r\n        .card-stat    [data-lucide] { width: 14px; height: 14px; color: #4ade80; }\r\n        .card-cta     [data-lucide] { width: 14px; height: 14px; }\r\n        .qlink-icon   [data-lucide] { width: 18px; height: 18px; }\r\n        .qlink-arrow  [data-lucide] { width: 16px; height: 16px; }\r\n    <\/style>\r\n<\/head>\r\n\r\n<body>\r\n\r\n    <!-- HERO -->\r\n    <div class=\"hero\">\r\n        <div class=\"hero-avatar\">\r\n            <img decoding=\"async\" src=\"https:\/\/freedomstart.com.br\/wp-content\/uploads\/2025\/01\/logo_freedom_2025_logotipo_branco-e1749568214727-1536x791.png\" alt=\"Freedom Start\" style=\"object-fit:contain;padding:14px;\">\r\n        <\/div>\r\n        <h1 class=\"hero-name\">Freedom <span>Start<\/span><\/h1>\r\n        <p class=\"hero-bio\">Tecnologia e desenvolvimento humano para transformar empresas e carreiras.<\/p>\r\n        <div class=\"hero-badges\">\r\n            <span class=\"hero-badge\"><i data-lucide=\"brain\"><\/i> Assessment DISC<\/span>\r\n            <span class=\"hero-badge\"><i data-lucide=\"bar-chart-2\"><\/i> An\u00e1lise Comportamental<\/span>\r\n            <span class=\"hero-badge\"><i data-lucide=\"layout-dashboard\"><\/i> Plataforma de Gest\u00e3o<\/span>\r\n        <\/div>\r\n    <\/div>\r\n\r\n    <div class=\"wrapper\">\r\n\r\n        <div class=\"section-label\">Produtos em destaque<\/div>\r\n\r\n        <!-- CARD: Assinatura -->\r\n        <a href=\" https:\/\/pay.kiwify.com.br\/YhDvfVY?utm_source=bio&utm_campaign=emdobro\" target=\"_blank\" class=\"card card-assinatura\">\r\n            <div class=\"card-deco\"><\/div>\r\n            <div class=\"card-inner\">\r\n                <div class=\"card-badge badge-orange\"><i data-lucide=\"zap\"><\/i> Oferta imperd\u00edvel<\/div>\r\n                <div class=\"card-title\">Assinatura<br><em>Freedom Start<\/em><\/div>\r\n                <p class=\"card-desc\">\r\n                    Acesso completo \u00e0 plataforma com <strong>10 cr\u00e9ditos mensais, nos tr\u00eas primeiros meses<\/strong>, ferramentas exclusivas e descontos de at\u00e9 75% em cr\u00e9ditos adicionais.\r\n                <\/p>\r\n                <img decoding=\"async\" src=\"https:\/\/freedomstart.com.br\/wp-content\/uploads\/2026\/04\/Calendario-Freedom-Post-para-Instagram-45.png\">\r\n                <div class=\"card-footer\">\r\n                    <div class=\"card-price\">\r\n                        <span class=\"price-label\">Assinatura Recorrente<\/span>\r\n                        <span class=\"price-val\">R$197<\/span>\r\n                        \r\n                    <\/div>\r\n                    <span class=\"card-cta cta-purple\">\r\n                        Assinar\r\n                        <i data-lucide=\"arrow-right\"><\/i>\r\n                    <\/span>\r\n                <\/div>\r\n            <\/div>\r\n        <\/a>\r\n\r\n        <!-- CARD: Forma\u00e7\u00e3o DISC -->\r\n        <a href=\"https:\/\/freedomstart.com.br\/formacao-disc\" target=\"_blank\" class=\"card card-disc\">\r\n            <div class=\"card-deco\"><\/div>\r\n            <div class=\"card-inner\">\r\n                <div class=\"card-badge badge-purple\"><i data-lucide=\"graduation-cap\"><\/i> Bolsa de estudos 100%<\/div>\r\n                <div class=\"card-title\">Forma\u00e7\u00e3o Analista<br>Comportamental <em>DISC<\/em><\/div>\r\n                <p class=\"card-desc\">\r\n                    A Freedom Start est\u00e1 investindo <strong>R$1.197,00<\/strong> em voc\u00ea para formar os melhores Analistas Comportamentais DISC do Brasil.\r\n                <\/p>\r\n                <div class=\"card-footer\">\r\n                    <div class=\"card-price\">\r\n                        <span class=\"price-label\">Investimento da Freedom Start<\/span>\r\n                        <span class=\"price-val\">R$1.197<\/span>\r\n                        <span class=\"price-after\">100% coberto pela bolsa de estudos<\/span>\r\n                    <\/div>\r\n                    <span class=\"card-cta cta-pink\">\r\n                        Inscrever\r\n                        <i data-lucide=\"arrow-right\"><\/i>\r\n                    <\/span>\r\n                <\/div>\r\n            <\/div>\r\n        <\/a>\r\n\r\n        <!-- CARD: Academy -->\r\n        <a href=\"https:\/\/academy.freedomstart.com.br\" target=\"_blank\" class=\"card card-academy\">\r\n            <div class=\"card-deco\"><\/div>\r\n            <div class=\"card-inner\">\r\n                <div class=\"card-badge badge-green\"><i data-lucide=\"play-circle\"><\/i> Plataforma de ensino<\/div>\r\n                <div class=\"card-title\">Freedom Start<br><em>Academy<\/em><\/div>\r\n                <div class=\"card-stat\">\r\n                    <i data-lucide=\"video\"><\/i>&nbsp;<strong>+350<\/strong> horas de conte\u00fado exclusivo dispon\u00edveis\r\n                <\/div>\r\n                <p class=\"card-desc\">\r\n                    Plataforma de desenvolvimento cont\u00ednuo Freedom Start com cursos, trilhas e materiais para voc\u00ea e seu time.\r\n                <\/p>\r\n                <div class=\"card-footer\">\r\n                    <div><\/div>\r\n                    <span class=\"card-cta cta-green\">\r\n                        Acessar agora\r\n                        <i data-lucide=\"arrow-right\"><\/i>\r\n                    <\/span>\r\n                <\/div>\r\n            <\/div>\r\n        <\/a>\r\n\r\n        <div class=\"section-label\">Acesso r\u00e1pido<\/div>\r\n\r\n        <div class=\"quick-links\">\r\n\r\n            <a href=\"https:\/\/freedomstart.com.br\" target=\"_blank\" class=\"qlink\">\r\n                <div class=\"qlink-left\">\r\n                    <div class=\"qlink-icon\" style=\"background:rgba(109,40,217,0.12);border:1px solid rgba(109,40,217,0.2);color:#a78bfa;\"><i data-lucide=\"globe\"><\/i><\/div>\r\n                    <div class=\"qlink-text\">\r\n                        <strong>Site Freedom Start<\/strong>\r\n                        <span>freedomstart.com.br<\/span>\r\n                    <\/div>\r\n                <\/div>\r\n                <span class=\"qlink-arrow\"><i data-lucide=\"chevron-right\"><\/i><\/span>\r\n            <\/a>\r\n\r\n            <a href=\"https:\/\/app.freedomstart.com.br\" target=\"_blank\" class=\"qlink\">\r\n                <div class=\"qlink-left\">\r\n                    <div class=\"qlink-icon\" style=\"background:rgba(34,197,94,0.08);border:1px solid rgba(34,197,94,0.15);color:#4ade80;\"><i data-lucide=\"monitor\"><\/i><\/div>\r\n                    <div class=\"qlink-text\">\r\n                        <strong>Sistema Freedom Start<\/strong>\r\n                        <span>Plataforma de Gest\u00e3o e Assessment<\/span>\r\n                    <\/div>\r\n                <\/div>\r\n                <span class=\"qlink-arrow\"><i data-lucide=\"chevron-right\"><\/i><\/span>\r\n            <\/a>\r\n\r\n            <a href=\"https:\/\/www.linkedin.com\/company\/freedomstart\" target=\"_blank\" class=\"qlink\">\r\n                <div class=\"qlink-left\">\r\n                    <div class=\"qlink-icon\" style=\"background:rgba(10,102,194,0.12);border:1px solid rgba(10,102,194,0.25);color:#60a5fa;\"><i data-lucide=\"linkedin\"><\/i><\/div>\r\n                    <div class=\"qlink-text\">\r\n                        <strong>LinkedIn<\/strong>\r\n                        <span>Siga a Freedom Start<\/span>\r\n                    <\/div>\r\n                <\/div>\r\n                <span class=\"qlink-arrow\"><i data-lucide=\"chevron-right\"><\/i><\/span>\r\n            <\/a>\r\n\r\n            <a href=\"https:\/\/freedomstart.com.br\/ebook-disc\" target=\"_blank\" class=\"qlink\">\r\n                <div class=\"qlink-left\">\r\n                    <div class=\"qlink-icon\" style=\"background:rgba(249,115,22,0.1);border:1px solid rgba(249,115,22,0.2);color:#fb923c;\"><i data-lucide=\"book-open\"><\/i><\/div>\r\n                    <div class=\"qlink-text\">\r\n                        <strong>Ebook: Guia Completo da Devolutiva DISC<\/strong>\r\n                        <span>Download gratuito<\/span>\r\n                    <\/div>\r\n                <\/div>\r\n                <span class=\"qlink-arrow\"><i data-lucide=\"chevron-right\"><\/i><\/span>\r\n            <\/a>\r\n\r\n        <\/div>\r\n\r\n        <!-- FOOTER -->\r\n        <div class=\"page-footer\" style=\"margin-top:48px;\">\r\n            <img decoding=\"async\" src=\"https:\/\/freedomstart.com.br\/wp-content\/uploads\/2025\/01\/logo_freedom_2025_logotipo_branco-e1749568214727-1536x791.png\" alt=\"Freedom Start\">\r\n            <p>\u00a9 <?= date('Y') ?> Freedom Start Tec Ltda \u00b7 Todos os direitos reservados<\/p>\r\n        <\/div>\r\n\r\n    <\/div>\r\n\r\n    <script>lucide.createIcons();<\/script>\r\n<\/body>\r\n\r\n<\/html>\t\t\t\t<\/div>\n\t\t\t\t<\/div>\n\t\t\t\t<\/header>\n\t\t\t\t<\/div>\n\t\t","protected":false},"excerpt":{"rendered":"<p>Freedom Start \u2014 Links Freedom Start Tecnologia e desenvolvimento humano para transformar empresas e carreiras. Assessment DISC An\u00e1lise Comportamental Plataforma de Gest\u00e3o Produtos em destaque Oferta imperd\u00edvel AssinaturaFreedom Start Acesso completo \u00e0 plataforma com 10 cr\u00e9ditos mensais, nos tr\u00eas primeiros meses, ferramentas exclusivas e descontos de at\u00e9 75% em cr\u00e9ditos adicionais. Assinatura Recorrente R$197 Assinar [&hellip;]<\/p>\n","protected":false},"author":1,"featured_media":0,"parent":0,"menu_order":0,"comment_status":"closed","ping_status":"closed","template":"elementor_canvas","meta":{"footnotes":""},"class_list":["post-2829","page","type-page","status-publish","hentry"],"aioseo_notices":[],"_links":{"self":[{"href":"https:\/\/freedomstart.com.br\/newFreedom\/wp-json\/wp\/v2\/pages\/2829","targetHints":{"allow":["GET"]}}],"collection":[{"href":"https:\/\/freedomstart.com.br\/newFreedom\/wp-json\/wp\/v2\/pages"}],"about":[{"href":"https:\/\/freedomstart.com.br\/newFreedom\/wp-json\/wp\/v2\/types\/page"}],"author":[{"embeddable":true,"href":"https:\/\/freedomstart.com.br\/newFreedom\/wp-json\/wp\/v2\/users\/1"}],"replies":[{"embeddable":true,"href":"https:\/\/freedomstart.com.br\/newFreedom\/wp-json\/wp\/v2\/comments?post=2829"}],"version-history":[{"count":133,"href":"https:\/\/freedomstart.com.br\/newFreedom\/wp-json\/wp\/v2\/pages\/2829\/revisions"}],"predecessor-version":[{"id":5151,"href":"https:\/\/freedomstart.com.br\/newFreedom\/wp-json\/wp\/v2\/pages\/2829\/revisions\/5151"}],"wp:attachment":[{"href":"https:\/\/freedomstart.com.br\/newFreedom\/wp-json\/wp\/v2\/media?parent=2829"}],"curies":[{"name":"wp","href":"https:\/\/api.w.org\/{rel}","templated":true}]}}