{"id":503,"date":"2022-03-20T15:24:44","date_gmt":"2022-03-20T18:24:44","guid":{"rendered":"https:\/\/freedomstart.com.br\/produto\/album\/"},"modified":"2022-03-20T15:29:31","modified_gmt":"2022-03-20T18:29:31","slug":"album","status":"publish","type":"product","link":"https:\/\/freedomstart.com.br\/newFreedom\/produto\/album\/","title":{"rendered":"Freedom Start Essentials"},"content":{"rendered":"<p class=\"ql-align-justify\">Muitas vezes temos tantas coisas para fazer em um \u00fanico dia que n\u00e3o paramos para <strong>DECIDIR <\/strong>o caminho que queremos seguir, acabamos indo empurrados por esta onda de atividades cotidianas, e quando nos damos conta estamos deixando de <strong>APROVEITAR <\/strong>o agora. E como seria se voc\u00ea pudesse tomar as r\u00e9deas da tua vida e estar a frente das decis\u00f5es do <strong>COMO <\/strong>voc\u00ea quer viver? Sair do piloto autom\u00e1tico e se colocar como autor do teu destino? <strong>TODOS <\/strong>queremos isso, mas a pergunta que n\u00e3o quer calar \u00e9&#8230; como? A resposta \u00e9 mais simples do que parece: <strong>AUTOCONHECIMENTO<\/strong>.<\/p>\n<p class=\"ql-align-justify\">Quanto mais nos conhecemos mais PODER temos! Quantas vezes voc\u00ea j\u00e1 agiu sem pensar? Falou algo que se arrependeu? Se afastou de algu\u00e9m por \u201cbobagem\u201d? Quantas e quantas oportunidades perdidas por impulsos? Por falta de presen\u00e7a do seu <strong>EU CONCI\u00caNTE<\/strong>. O autoconhecimento funciona como uma lanterna que te ajuda a iluminar e perceber aspectos sobre voc\u00ea, que nem percebia antes. Sentimentos, traumas, cren\u00e7as que muitas vezes tomavam a frente nas tuas decis\u00f5es sem que voc\u00ea notasse. E a partir do momento que identificamos a exist\u00eancia delas, temos a capacidade de cuidar, tratar e domin\u00e1-las.<\/p>\n<h1>A CHAVE \u00c9 O\u00a0AUTOCONHECIMENTO<\/h1>\n<p class=\"ql-align-justify\">Com o autoconhecimento voc\u00ea adquire mais <strong>POT\u00caNCIA <\/strong>para alcan\u00e7ar os teus sonhos, melhorar os seus relacionamentos, ter uma rela\u00e7\u00e3o intima com o seu <strong>EU<\/strong>, e isso impacta na sua vida como um todo, seja no meio profissional para passar em uma entrevista, ser promovido e melhorar nossas rela\u00e7\u00f5es no profissional e com as pessoas que mais amamos na vida.<\/p>\n<p class=\"ql-align-justify\">E para te ajudar a chegar neste lugar \u00e9 que a Freedom Start foi desenhada, estudada e desenvolvida por mais de um ano para ser uma plataforma de tecnologia com foco em autoconhecimento, \u00e9 o resultado de muitos anos de autoconhecimento e mais de R$ 100.000,00 de investimentos em forma\u00e7\u00f5es, cursos, workshops e tantos outros processos que envolvem o autoconhecimento. Tudo isso resultou em proporcionar para voc\u00ea uma plataforma com alto poder de transforma\u00e7\u00e3o por meio do autoconhecimento com ferramentas e processos que te ajudar\u00e1 a conquistar aquilo que tanto sonha, economizando tempo e muito dinheiro.<\/p>\n<p class=\"ql-align-justify\">A <strong>Freedom Start<\/strong> foi desenhada, estudada e desenvolvida por mais de um ano para ser uma plataforma de\u00a0tecnologia com foco em autoconhecimento e desenvolvimento pessoal,\u00a0\u00e9 o resultado de muitos anos de autoconhecimento e mais de R$ 100.000,00 de investimentos em forma\u00e7\u00f5es, cursos, workshops, mentorias e muitos outros processos que envolvem o autoconhecimento e desenvolvimento pessoal.<\/p>\n<p class=\"ql-align-justify\">Tudo isso resultou em proporcionar pra voc\u00ea uma plataforma com alto poder de transforma\u00e7\u00e3o por meio do autoconhecimento, ferramentas que funcionam e com processos que te ajudar\u00e1 a conquistar aquilo que tanto sonha, economizando tempo e muito dinheiro.<\/p>\n<h1 class=\"ql-align-justify\">Recursos do Plano Essentials<\/h1>\n<ul>\n<li class=\"ql-align-justify\">An\u00e1lise Comportamental N\u00edvel 2.<\/li>\n<li class=\"ql-align-justify\">\u00c2ncoras de Carreira.<\/li>\n<li class=\"ql-align-justify\">Easy Analytics.<\/li>\n<li class=\"ql-align-justify\">An\u00e1lise de Relacionamentos.<\/li>\n<\/ul>\n","protected":false},"excerpt":{"rendered":"<p>Quanto mais nos conhecemos mais PODER temos! Quantas vezes voc\u00ea j\u00e1 agiu sem pensar? Falou algo que se arrependeu? Se afastou de algu\u00e9m por \u201cbobagem\u201d? Quantas e quantas oportunidades perdidas por impulsos? Por falta de presen\u00e7a do seu <strong>EU CONCI\u00caNTE<\/strong>. O autoconhecimento funciona como uma lanterna que te ajuda a iluminar e perceber aspectos sobre voc\u00ea, que nem percebia antes. Sentimentos, traumas, cren\u00e7as que muitas vezes tomavam a frente nas tuas decis\u00f5es sem que voc\u00ea notasse. E a partir do momento que identificamos a exist\u00eancia delas, temos a capacidade de cuidar, tratar e domin\u00e1-las.<\/p>\n","protected":false},"featured_media":504,"comment_status":"open","ping_status":"closed","template":"","meta":[],"product_brand":[],"product_cat":[20],"product_tag":[18,17,19],"class_list":{"0":"post-503","1":"product","2":"type-product","3":"status-publish","4":"has-post-thumbnail","6":"product_cat-autoconhecimento","7":"product_tag-analise-comportamental","8":"product_tag-autoconhecimento","9":"product_tag-disc","11":"first","12":"instock","13":"virtual","14":"taxable","15":"purchasable","16":"product-type-simple"},"aioseo_notices":[],"_links":{"self":[{"href":"https:\/\/freedomstart.com.br\/newFreedom\/wp-json\/wp\/v2\/product\/503","targetHints":{"allow":["GET"]}}],"collection":[{"href":"https:\/\/freedomstart.com.br\/newFreedom\/wp-json\/wp\/v2\/product"}],"about":[{"href":"https:\/\/freedomstart.com.br\/newFreedom\/wp-json\/wp\/v2\/types\/product"}],"replies":[{"embeddable":true,"href":"https:\/\/freedomstart.com.br\/newFreedom\/wp-json\/wp\/v2\/comments?post=503"}],"wp:featuredmedia":[{"embeddable":true,"href":"https:\/\/freedomstart.com.br\/newFreedom\/wp-json\/wp\/v2\/media\/504"}],"wp:attachment":[{"href":"https:\/\/freedomstart.com.br\/newFreedom\/wp-json\/wp\/v2\/media?parent=503"}],"wp:term":[{"taxonomy":"product_brand","embeddable":true,"href":"https:\/\/freedomstart.com.br\/newFreedom\/wp-json\/wp\/v2\/product_brand?post=503"},{"taxonomy":"product_cat","embeddable":true,"href":"https:\/\/freedomstart.com.br\/newFreedom\/wp-json\/wp\/v2\/product_cat?post=503"},{"taxonomy":"product_tag","embeddable":true,"href":"https:\/\/freedomstart.com.br\/newFreedom\/wp-json\/wp\/v2\/product_tag?post=503"}],"curies":[{"name":"wp","href":"https:\/\/api.w.org\/{rel}","templated":true}]}}